{"id":5,"date":"2018-10-05T17:35:45","date_gmt":"2018-10-05T15:35:45","guid":{"rendered":"http:\/\/fotograf-kirn.de\/index.php\/one-page-express\/"},"modified":"2018-11-24T10:50:16","modified_gmt":"2018-11-24T09:50:16","slug":"one-page-express","status":"publish","type":"page","link":"https:\/\/fotograf-kirn.de\/","title":{"rendered":"Front Page"},"content":{"rendered":"<div  id=\"overlapable-2\" style=\"background-color: #ffffff;\" data-label=\"Overlapable\" data-id=\"stripped-coloured-icon-boxes\" data-category=\"overlapable\" class=\"features-coloured-icon-boxes-section\" data-overlap=\"true\"> <div  class=\"gridContainer\"> <div  class=\"features-coloured-icon-boxes-innerrow flexbox-list dark-text\" data-type=\"row\"> <div  class=\"features-coloured-icon-boxes-featurecol cp3cols\"> <div  class=\"features-coloured-icon-boxes-iconcontainer\" data-content-item-container=\"true\"> <i  data-cp-fa=\"true\" class=\"features-coloured-icon fa fa-camera\"><\/i> <\/div> <h4  class=\"\">Fotografie<\/h4> <p  class=\"\">Als ausgebildeter Fotograf ist mein Handwerk nat\u00fcrlich auch mein Tagesgesch\u00e4ft. Von Pass- &amp; Bewerbungsfotos \u00fcber Hochzeits-Reportagen bis zu Werbeaufnahmen \u2013 gelernt ist gelernt. <\/p> <a  class=\"features-coloured-button\" href=\"#\">LEARN MORE<\/a> <\/div> <div  class=\"features-coloured-icon-boxes-featurecol cp3cols\"> <div  class=\"features-coloured-icon-boxes-iconcontainer\" data-content-item-container=\"true\"> <i  data-cp-fa=\"true\" class=\"features-coloured-icon fa fa-object-group\"><\/i> <\/div> <h4  class=\"\">Webdesign<\/h4> <p  class=\"\">Seit 1999 erstelle ich f\u00fcr kleinere und mittelst\u00e4ndliche Betriebe, Einzelpersonen und Vereine individuelle Websites: von der konzeptionellen Gestaltung bis zu Umsetzung.<\/p> <a  class=\"features-coloured-button\" href=\"#\">LEARN MORE<\/a> <\/div> <div  class=\"features-coloured-icon-boxes-featurecol cp3cols\"> <div  class=\"features-coloured-icon-boxes-iconcontainer\" data-content-item-container=\"true\"> <i  data-cp-fa=\"true\" class=\"features-coloured-icon fa fa-newspaper-o\"><\/i> <\/div> <h4  class=\"\">Printmedien<\/h4> <p  class=\"\">Standard-Produkte wie Visitenkarten, Flyer oder mehrseitige Brosch\u00fcren wie Programmhefte, Festschriften, Kataloge oder Firmenportraits biete ich genauso an wie&nbsp; eher ausgefallene Printerzeugnisse.<\/p> <a  class=\"features-coloured-button\" href=\"#\">LEARN MORE<\/a> <\/div>  <\/div> <\/div><\/div><div  id=\"about-1\" style=\"background-color: #f6f6f6;\" data-label=\"About\" data-id=\"about-big-images-section\" data-category=\"about\" class=\"about-big-images-section\"> <div  class=\"gridContainer\"> <div  class=\"about-big-images-textrow\"> <div  class=\"about-big-images-textcol dynamic-color\" data-type=\"column\"> <h5  class=\"\">Fotografie ist mein Handwerk<\/h5> <h3  class=\"\">Brand new WordPress theme&nbsp;<span  href=\"#\" class=\"span25\">with unlimited power<\/span>&nbsp;and customization possibilities<\/h3> <p  class=\"\">Lorem ipsum dolor sit amet, consectetur adipisicing elit, sed do eiusmod tempor incididunt ut labore et dolore magna aliqua. Ut enim ad minim veniam, quis nostrud.<\/p> <a  class=\"button blue big\" href=\"#\">GET STARTED NOW<\/a> <\/div> <\/div> <\/div> <div  class=\"about-big-images-bottomrow\"> <div  class=\"about-big-images-leftimgcol\"><img decoding=\"async\"  class=\"about-big-images-leftimg\" src=\"https:\/\/fotograf-kirn.de\/wp-content\/uploads\/2018\/11\/ringe.jpg\"> <\/div> <div  class=\"about-big-images-centerimgcol\"><img decoding=\"async\"  class=\"about-big-images-centerimg\" src=\"https:\/\/fotograf-kirn.de\/wp-content\/uploads\/2018\/11\/hochzeit-9039.jpg\"> <\/div> <div  class=\"about-big-images-rightimgcol\"><img decoding=\"async\"  class=\"about-big-images-rightimg\" src=\"https:\/\/fotograf-kirn.de\/wp-content\/uploads\/2018\/11\/hochzeit-0848-8661.jpg\"> <\/div> <\/div> <\/div><div  id=\"content-3\" style=\"background-color: #ffffff;\" data-label=\"Content\" data-id=\"content-image-left\" data-category=\"content\" class=\"content-left-image-section\"> <div  class=\"gridContainer\"> <div  class=\"row\"> <div  class=\"content-left-image-imgcol\" data-type=\"column\"> <img decoding=\"async\"  src=\"https:\/\/fotograf-kirn.de\/wp-content\/uploads\/2018\/11\/hochzeit-272-0512.jpg\" class=\"\"> <\/div> <div  class=\"content-left-image-textcol dynamic-color\" data-type=\"column\"> <h2  class=\"\">This is one of the things <br >we do best&nbsp;<\/h2> <p  class=\"large_text\"> Lorem ipsum dolor sit amet, consectetur adipisicing elit, sed do eiusmod tempor incididunt ut labore et dolore magna aliqua. Ut enim ad minim veniam, quis nostrud exercitation ullamco laboris nisi ut aliquip ex ea commodo consequat. <\/p> <a  class=\"button blue\" href=\"#\"> LEARN MORE <\/a> <\/div> <\/div> <\/div> <\/div><div  id=\"content-4\" style=\"background-color: #f6f6f6;\" data-label=\"Content\" data-id=\"content-image-right\" data-category=\"content\" class=\"content-right-image-section\"> <div  class=\"gridContainer\"> <div  class=\"content-right-image-gridcol\"> <div  class=\"content-right-image-textcol dynamic-color\" data-type=\"column\"> <h2  class=\"\">This is one of the things <br >we do best&nbsp;<\/h2> <p  class=\"large_text\"> Lorem ipsum dolor sit amet, consectetur adipisicing elit, sed do eiusmod tempor incididunt ut labore et dolore magna aliqua. Ut enim ad minim veniam, quis nostrud exercitation ullamco laboris nisi ut aliquip ex ea commodo consequat. <\/p> <a  class=\"button blue\" href=\"#\"> Learn More <\/a> <\/div> <div  class=\"content-right-image-imgcol\" data-type=\"column\"> <img decoding=\"async\"  src=\"https:\/\/fotograf-kirn.de\/wp-content\/uploads\/2018\/11\/sg-0430.jpg\" class=\"\"> <\/div> <\/div> <\/div> <\/div><div  id=\"portfolio-2\" style=\"background-color: #ffffff;\" data-label=\"Portfolio\" data-id=\"portfolio-full-section\" data-category=\"portfolio\"> <div  class=\"portfolio-full-section\" data-type=\"row\"> <div  class=\"portfolio-full-projectco cp4cols cp4cols-tablet\"> <div  class=\"contentswap-effect ContentSwap103\" hover-fx=\"ContentSwap103\" id=\"ContentSwap103\"> <div  class=\"ContentSwap103_content initial-image\"><img decoding=\"async\"  class=\"portfolio-full-projectimg\" data-size=\"1200x800\" src=\"https:\/\/fotograf-kirn.de\/wp-content\/uploads\/2018\/11\/cropped-brauhaus-9772.jpg\"> <\/div> <div  class=\"overlay\" style=\"display: block; opacity: 1;\"><\/div> <div  class=\"swap-inner\" style=\"opacity: 1; display: block;\"> <div  class=\"ContentSwap103-center\"> <h4  class=\"protfolio-full-itemtitle\">Brauhaus Bad Sobernheim<\/h4><a  class=\"button yellow\" href=\"#\" target=\"_self\">mehr erfahren<\/a> <\/div> <\/div> <\/div> <\/div> <div  class=\"portfolio-full-projectco cp4cols cp4cols-tablet\"> <div  class=\"contentswap-effect ContentSwap103\" hover-fx=\"ContentSwap103\" id=\"ContentSwap103\" is-hovered=\"1\"> <div  class=\"ContentSwap103_content initial-image\"><img decoding=\"async\"  class=\"portfolio-full-projectimg\" data-size=\"1200x800\" src=\"https:\/\/fotograf-kirn.de\/wp-content\/uploads\/2018\/11\/cropped-MuMiNa-9537.jpg\"> <\/div> <div  class=\"overlay\" style=\"display: block; opacity: 1;\"><\/div> <div  class=\"swap-inner\" style=\"opacity: 1; display: block;\"> <div  class=\"ContentSwap103-center\"> <h4  class=\"protfolio-full-itemtitle\">Musikschule Mittlere Nahe<\/h4><a  class=\"button yellow\" href=\"#\" target=\"_self\">mehr erfahren<\/a> <\/div> <\/div> <\/div> <\/div> <div  class=\"portfolio-full-projectco cp4cols cp4cols-tablet\"> <div  class=\"contentswap-effect ContentSwap103\" hover-fx=\"ContentSwap103\" id=\"ContentSwap103\" is-hovered=\"1\"> <div  class=\"ContentSwap103_content initial-image\"><img decoding=\"async\"  class=\"portfolio-full-projectimg\" data-size=\"1200x800\" src=\"https:\/\/fotograf-kirn.de\/wp-content\/uploads\/2018\/11\/cropped-schulerschaefer4.jpg\"> <\/div> <div  class=\"overlay\" style=\"display: block; opacity: 1;\"><\/div> <div  class=\"swap-inner\" style=\"opacity: 1; display: block;\"> <div  class=\"ContentSwap103-center\"> <h4  class=\"protfolio-full-itemtitle\">Werbeaufnahmen Schuler&amp;Sch\u00e4fer<\/h4><a  class=\"button yellow\" href=\"#\" target=\"_self\">mehr erfahren<\/a> <\/div> <\/div> <\/div> <\/div><\/div><\/div><div  id=\"cta-1\" data-label=\"Call to action\" data-id=\"cta-blue-section\" data-category=\"cta\" class=\"cta-blue-section\"> <div  class=\"gridContainer\"> <div  class=\"flexbox-list flexbox-list-align-center row\"> <div  class=\"cta-blue-textcol dynamic-color\"> <h2  class=\"cta-blue-text\"> <b  class=\"element2\"> Rufen Sie mich an. <\/b> Ich helfe Ihnen gerne weiter. <\/h2> <\/div> <div  class=\"cta-blue-btncol\"> <a  class=\"button big yellow dark-text\" href=\"#\"> GET STARTED TODAY <\/a> <\/div> <\/div> <\/div> <\/div><div  id=\"latest-posts\" style=\"background-color: #ffffff;\" data-label=\"Latest posts\" data-id=\"blog-section\" data-category=\"latest_news\" class=\"blog-section\"> <div  class=\"gridContainer\"> <div  class=\"blog-textrow\"> <div  class=\"blog-textcol dynamic-color\" data-type=\"column\"> <h2  class=\"\">Neuigkeiten<\/h2> <p  class=\"\">Da ich nur einen Bruchteil meiner Arbeit online ver\u00f6ffentlichen kann, gibt es hier nur in unregelm\u00e4\u00dfigen Abst\u00e4nden Newsbeitr\u00e4ge.<\/p> <\/div> <\/div> <div  class=\"blog-postsrow dark-text\" data-type=\"row\" data-dynamic-columns=\"one_page_express_latest_news_columns\" data-content-shortcode=\"one_page_express_latest_news\">\t\t\t<div id=\"post-1\" class=\"blog-postcol cp4cols\">\n\t\t\t<div class=\"post-content\">\n\t\t\t\t\t\t\t\t\t<a class=\"post-list-item-thumb\" href=\"https:\/\/fotograf-kirn.de\/index.php\/2018\/10\/05\/hallo-welt\/\">\n\t\t\t\t\t\t<img loading=\"lazy\" decoding=\"async\" width=\"1024\" height=\"512\" src=\"https:\/\/fotograf-kirn.de\/wp-content\/uploads\/2018\/10\/titel3-1024x512.jpg\" class=\"attachment-post-thumbnail size-post-thumbnail wp-post-image\" alt=\"\" srcset=\"https:\/\/fotograf-kirn.de\/wp-content\/uploads\/2018\/10\/titel3-1024x512.jpg 1024w, https:\/\/fotograf-kirn.de\/wp-content\/uploads\/2018\/10\/titel3-300x150.jpg 300w, https:\/\/fotograf-kirn.de\/wp-content\/uploads\/2018\/10\/titel3-768x384.jpg 768w, https:\/\/fotograf-kirn.de\/wp-content\/uploads\/2018\/10\/titel3.jpg 1600w\" sizes=\"auto, (max-width: 1024px) 100vw, 1024px\" \/>\t\t\t\t\t<\/a>\n\t\t\t\t\t\t\t\t<div class=\"row_345\">\n\t\t\t\t\t<h3 class=\"blog-title\">\n\t\t\t\t\t\t<a href=\"https:\/\/fotograf-kirn.de\/index.php\/2018\/10\/05\/hallo-welt\/\" rel=\"bookmark\">\n\t\t\t\t\t\t\tHallo Welt!\t\t\t\t\t\t<\/a>\n\t\t\t\t\t<\/h3>\n\t\t\t\t\t<p>Willkommen zur deutschen Version von WordPress. Dies ist der erste Beitrag. Du kannst ihn bearbeiten oder l\u00f6schen. Und dann starte mit dem Schreiben!<\/p>\n\t\t\t\t\t<a class=\"button blue small\" href=\"https:\/\/fotograf-kirn.de\/index.php\/2018\/10\/05\/hallo-welt\/\">\n\t\t\t\t\t\t<span data-theme=\"one_page_express_latest_news_read_more\">Read more<\/span>\n\t\t\t\t\t<\/a>\n\t\t\t\t\t<hr class=\"blog-separator\">\n<div class=\"post-header\">\n    <i class=\"font-icon-post fa fa-user\"><\/i>\n    <a href=\"https:\/\/fotograf-kirn.de\/index.php\/author\/sgoerner\/\" title=\"Beitr\u00e4ge von sgoerner\" rel=\"author\">sgoerner<\/a>    <i class=\"font-icon-post fa fa-calendar\"><\/i>\n    <span class=\"span12\">5. Oktober 2018<\/span>\n\n    <i class=\"font-icon-post fa fa-comment-o\"><\/i>\n    <span>0<\/span>\n<\/div>\t\t\t\t<\/div>\n\t\t\t<\/div>\n\t\t<\/div>\n\t\t<\/div> <div  class=\"blog-textcol\"> <a  class=\"button blue\" data-attr-shortcode=\"href:one_page_express_blog_link\" href=\"https:\/\/fotograf-kirn.de\/index.php\/blog\/\" target=\"_self\">SEE ALL BLOG POSTS<\/a> <\/div> <\/div><\/div><div  id=\"contact-4\" data-label=\"Contact\" data-id=\"contact-section\" data-category=\"contact\" data-bg=\"transparent\" class=\"contact-section-formsection white-text\"> <div  class=\"gridContainer\"> <div  class=\"row_224\"> <div  class=\"contact-textrow\"> <div  class=\"contact-textcol dynamic-color\"> <h2  class=\"\">Wie kann ich helfen?<\/h2> <p  class=\"white_text\">Ich bin nicht immer im Studio und auch nicht immer telefonisch erreichbar \u2013 aber mein Mail-Postfach ist Tag und Nacht f\u00fcr Sie ge\u00f6ffnet. Schreiben Sie mich an. Ich werde mich schnellstm\u00f6glich bei Ihnen melden.<\/p> <\/div> <\/div> <\/div> <div  class=\"contact-formcol\" data-content-shortcode=\"one_page_express_contact_form\" data-editable=\"true\"><p style=\"text-align:center;color:#ababab\">Contact form will be displayed here. To activate it you have to click this area and set the shortcode parameter in Customizer.<\/p><\/div> <\/div><\/div>","protected":false},"excerpt":{"rendered":"<p>Fotografie Als ausgebildeter Fotograf ist mein Handwerk nat\u00fcrlich auch mein Tagesgesch\u00e4ft. Von Pass- &amp; Bewerbungsfotos \u00fcber Hochzeits-Reportagen bis zu Werbeaufnahmen \u2013 gelernt ist gelernt. LEARN MORE Webdesign Seit 1999 erstelle ich f\u00fcr kleinere und mittelst\u00e4ndliche Betriebe, Einzelpersonen und Vereine individuelle Websites: von der konzeptionellen Gestaltung bis zu Umsetzung. LEARN MORE Printmedien Standard-Produkte wie Visitenkarten, Flyer&hellip; <br \/> <a class=\"button small blue\" href=\"https:\/\/fotograf-kirn.de\/index.php\/2018\/10\/05\/hallo-welt\/\">Weiterlesen<\/a><\/p>\n","protected":false},"author":1,"featured_media":0,"parent":0,"menu_order":0,"comment_status":"closed","ping_status":"closed","template":"","meta":{"footnotes":""},"class_list":["post-5","page","type-page","status-publish","hentry"],"_links":{"self":[{"href":"https:\/\/fotograf-kirn.de\/index.php\/wp-json\/wp\/v2\/pages\/5","targetHints":{"allow":["GET"]}}],"collection":[{"href":"https:\/\/fotograf-kirn.de\/index.php\/wp-json\/wp\/v2\/pages"}],"about":[{"href":"https:\/\/fotograf-kirn.de\/index.php\/wp-json\/wp\/v2\/types\/page"}],"author":[{"embeddable":true,"href":"https:\/\/fotograf-kirn.de\/index.php\/wp-json\/wp\/v2\/users\/1"}],"replies":[{"embeddable":true,"href":"https:\/\/fotograf-kirn.de\/index.php\/wp-json\/wp\/v2\/comments?post=5"}],"version-history":[{"count":9,"href":"https:\/\/fotograf-kirn.de\/index.php\/wp-json\/wp\/v2\/pages\/5\/revisions"}],"predecessor-version":[{"id":66,"href":"https:\/\/fotograf-kirn.de\/index.php\/wp-json\/wp\/v2\/pages\/5\/revisions\/66"}],"wp:attachment":[{"href":"https:\/\/fotograf-kirn.de\/index.php\/wp-json\/wp\/v2\/media?parent=5"}],"curies":[{"name":"wp","href":"https:\/\/api.w.org\/{rel}","templated":true}]}}